{"id":589,"date":"2025-03-29T11:45:00","date_gmt":"2025-03-29T11:45:00","guid":{"rendered":"https:\/\/thecosmoagency.com\/politique-en-matiere-de-cookies\/"},"modified":"2025-03-29T16:20:18","modified_gmt":"2025-03-29T16:20:18","slug":"politique-en-matiere-de-cookies","status":"publish","type":"page","link":"https:\/\/thecosmoagency.com\/fr\/politique-en-matiere-de-cookies\/","title":{"rendered":"Politique en mati\u00e8re de cookies"},"content":{"rendered":"\n<div style=\"height:100px\" aria-hidden=\"true\" class=\"wp-block-spacer\"><\/div>\n\n<h2 class=\"wp-block-heading\">Politique en mati\u00e8re de cookies<\/h2>\n\n<p>Cette politique en mati\u00e8re de cookies a \u00e9t\u00e9 mise \u00e0 jour pour la derni\u00e8re fois le 24 mars 2025 et s&rsquo;applique aux citoyens et aux r\u00e9sidents permanents l\u00e9gaux de l&rsquo;Espace \u00e9conomique europ\u00e9en et de la Suisse.<\/p>\n\n<p><strong>1. Introduction<\/strong><\/p>\n\n<p>Notre site web, <a href=\"https:\/\/thecosmoagency.com\/fr\/\">https:\/\/thecosmoagency.com<\/a> (ci-apr\u00e8s : \u00ab\u00a0le site web\u00a0\u00bb) utilise des cookies et d&rsquo;autres technologies connexes (par commodit\u00e9, toutes les technologies sont d\u00e9sign\u00e9es par le terme \u00ab\u00a0cookies\u00a0\u00bb). Des cookies sont \u00e9galement plac\u00e9s par des tiers que nous avons engag\u00e9s. Dans le document ci-dessous, nous vous informons sur l&rsquo;utilisation des cookies sur notre site web.  <\/p>\n\n<p><strong>2. Qu&rsquo;est-ce qu&rsquo;un cookie ?<\/strong><\/p>\n\n<p>Un cookie est un petit fichier simple qui est envoy\u00e9 avec les pages de ce site web et stock\u00e9 par votre navigateur sur le disque dur de votre ordinateur ou d&rsquo;un autre appareil. Les informations qui y sont stock\u00e9es peuvent \u00eatre renvoy\u00e9es \u00e0 nos serveurs ou aux serveurs des tiers concern\u00e9s lors d&rsquo;une visite ult\u00e9rieure. <\/p>\n\n<p><strong>3. Qu&rsquo;est-ce qu&rsquo;un script ?<\/strong><\/p>\n\n<p>Un script est un morceau de code de programme qui est utilis\u00e9 pour faire fonctionner notre site web correctement et de mani\u00e8re interactive. Ce code est ex\u00e9cut\u00e9 sur notre serveur ou sur votre appareil. <\/p>\n\n<p><strong>4. Qu&rsquo;est-ce qu&rsquo;une balise web ?<\/strong><\/p>\n\n<p>Une balise web (ou pixel tag) est un petit \u00e9l\u00e9ment invisible de texte ou d&rsquo;image sur un site web qui est utilis\u00e9 pour surveiller le trafic sur un site web. Pour ce faire, diverses donn\u00e9es vous concernant sont stock\u00e9es \u00e0 l&rsquo;aide de balises web. <\/p>\n\n<p><strong>5. Cookies<\/strong><\/p>\n\n<p><strong>5.1 Cookies techniques ou fonctionnels<\/strong><\/p>\n\n<p>Certains cookies permettent de garantir le bon fonctionnement de certaines parties du site web et de conserver vos pr\u00e9f\u00e9rences d&rsquo;utilisateur. En pla\u00e7ant des cookies fonctionnels, nous facilitons votre visite sur notre site web. Ainsi, vous n&rsquo;avez pas besoin de saisir plusieurs fois les m\u00eames informations lorsque vous visitez notre site web et, par exemple, les articles restent dans votre panier d&rsquo;achat jusqu&rsquo;\u00e0 ce que vous ayez pay\u00e9. Nous pouvons placer ces cookies sans votre consentement.   <\/p>\n\n<p><strong>5.2 Cookies statistiques<\/strong><\/p>\n\n<p>Nous utilisons des cookies statistiques pour optimiser l&rsquo;exp\u00e9rience de nos utilisateurs sur le site web. Gr\u00e2ce \u00e0 ces cookies statistiques, nous obtenons des informations sur l&rsquo;utilisation de notre site web. Nous vous demandons votre autorisation pour placer des cookies de statistiques.  <\/p>\n\n<p><strong>5.3 Cookies de marketing\/suivi<\/strong><\/p>\n\n<p>Les cookies de marketing\/tra\u00e7age sont des cookies ou toute autre forme de stockage local, utilis\u00e9s pour cr\u00e9er des profils d&rsquo;utilisateurs afin d&rsquo;afficher de la publicit\u00e9 ou de suivre l&rsquo;utilisateur sur ce site web ou sur plusieurs sites web \u00e0 des fins de marketing similaires.<\/p>\n\n<p><strong>5.4 Les m\u00e9dias sociaux<\/strong><\/p>\n\n<p>Sur notre site web, nous avons inclus du contenu provenant de LinkedIn pour promouvoir des pages web (par ex. \u00ab\u00a0like\u00a0\u00bb, \u00ab\u00a0pin\u00a0\u00bb) ou les partager (par ex. \u00ab\u00a0tweet\u00a0\u00bb) sur des r\u00e9seaux sociaux tels que LinkedIn. Ce contenu est int\u00e9gr\u00e9 avec un code d\u00e9riv\u00e9 de LinkedIn et place des cookies. Ce contenu peut stocker et traiter certaines informations \u00e0 des fins de publicit\u00e9 personnalis\u00e9e.  <\/p>\n\n<p>Veuillez lire la d\u00e9claration de confidentialit\u00e9 de ces r\u00e9seaux sociaux (qui peut changer r\u00e9guli\u00e8rement) pour savoir ce qu&rsquo;ils font de vos donn\u00e9es (personnelles) qu&rsquo;ils traitent \u00e0 l&rsquo;aide de ces cookies. Les donn\u00e9es r\u00e9cup\u00e9r\u00e9es sont anonymis\u00e9es dans la mesure du possible. LinkedIn est situ\u00e9 aux \u00c9tats-Unis.  <\/p>\n\n<p><strong>6. Consentement<\/strong><\/p>\n\n<p>Lorsque vous visitez notre site web pour la premi\u00e8re fois, nous affichons une fen\u00eatre contextuelle contenant des explications sur les cookies. D\u00e8s que vous cliquez sur \u00ab\u00a0Enregistrer les pr\u00e9f\u00e9rences\u00a0\u00bb, vous consentez \u00e0 ce que nous utilisions les cat\u00e9gories de cookies et de plug-ins que vous avez s\u00e9lectionn\u00e9es dans la fen\u00eatre contextuelle, comme d\u00e9crit dans la pr\u00e9sente politique en mati\u00e8re de cookies. Vous pouvez d\u00e9sactiver l&rsquo;utilisation des cookies via votre navigateur, mais veuillez noter que notre site web pourrait ne plus fonctionner correctement.  <\/p>\n\n<p><strong>6.1 G\u00e9rer vos param\u00e8tres de consentement<\/strong><\/p>\n\n<p>Nous avons re\u00e7u un signal de confidentialit\u00e9 de la part de votre navigateur. C&rsquo;est pourquoi nous avons d\u00e9fini vos param\u00e8tres de confidentialit\u00e9 sur ce site web comme \u00e9tant strictement n\u00e9cessaires. Si vous souhaitez b\u00e9n\u00e9ficier de toutes les fonctionnalit\u00e9s, veuillez envisager d&rsquo;exclure https:\/\/hannahmiet.net de vos param\u00e8tres de confidentialit\u00e9.  <\/p>\n\n<p><strong>7. Activation\/d\u00e9sactivation et suppression des cookies<\/strong><\/p>\n\n<p>Vous pouvez utiliser votre navigateur Internet pour supprimer automatiquement ou manuellement les cookies. Vous pouvez \u00e9galement sp\u00e9cifier que certains cookies ne doivent pas \u00eatre plac\u00e9s. Vous pouvez \u00e9galement modifier les param\u00e8tres de votre navigateur Internet de mani\u00e8re \u00e0 recevoir un message chaque fois qu&rsquo;un cookie est plac\u00e9. Pour plus d&rsquo;informations sur ces options, veuillez vous r\u00e9f\u00e9rer aux instructions de la section d&rsquo;aide de votre navigateur.   <\/p>\n\n<p>Veuillez noter que notre site web peut ne pas fonctionner correctement si tous les cookies sont d\u00e9sactiv\u00e9s. Si vous supprimez les cookies dans votre navigateur, ils seront \u00e0 nouveau plac\u00e9s apr\u00e8s votre consentement lorsque vous visiterez \u00e0 nouveau notre site web. <\/p>\n\n<p><strong>8. Vos droits en mati\u00e8re de donn\u00e9es \u00e0 caract\u00e8re personnel<\/strong><\/p>\n\n<p>Vous disposez des droits suivants en ce qui concerne vos donn\u00e9es personnelles :<\/p>\n\n<ul class=\"wp-block-list\">\n<li>Vous avez le droit de savoir pourquoi vos donn\u00e9es personnelles sont n\u00e9cessaires, ce qu&rsquo;il en adviendra et combien de temps elles seront conserv\u00e9es.<\/li>\n\n\n\n<li>Droit d&rsquo;acc\u00e8s : Vous avez le droit d&rsquo;acc\u00e9der \u00e0 vos donn\u00e9es personnelles dont nous avons connaissance.<\/li>\n\n\n\n<li>Droit de rectification : vous avez le droit de compl\u00e9ter, de corriger, de faire supprimer ou de bloquer vos donn\u00e9es personnelles quand vous le souhaitez.<\/li>\n\n\n\n<li>Si vous nous donnez votre consentement pour le traitement de vos donn\u00e9es, vous avez le droit de r\u00e9voquer ce consentement et de faire effacer vos donn\u00e9es personnelles.<\/li>\n\n\n\n<li>Droit de transf\u00e9rer vos donn\u00e9es : vous avez le droit de demander au responsable du traitement l&rsquo;ensemble de vos donn\u00e9es \u00e0 caract\u00e8re personnel et de les transf\u00e9rer dans leur int\u00e9gralit\u00e9 \u00e0 un autre responsable du traitement.<\/li>\n\n\n\n<li>Droit d&rsquo;opposition : vous pouvez vous opposer au traitement de vos donn\u00e9es. Nous nous y conformons, \u00e0 moins qu&rsquo;il n&rsquo;existe des motifs justifi\u00e9s pour le traitement. <\/li>\n<\/ul>\n\n<p>Pour exercer ces droits, veuillez nous contacter. Veuillez vous r\u00e9f\u00e9rer aux coordonn\u00e9es figurant au bas de la pr\u00e9sente politique en mati\u00e8re de cookies. Si vous avez une r\u00e9clamation concernant la mani\u00e8re dont nous traitons vos donn\u00e9es, nous aimerions l&rsquo;entendre, mais vous avez \u00e9galement le droit de soumettre une r\u00e9clamation \u00e0 l&rsquo;autorit\u00e9 de contr\u00f4le (l&rsquo;Autorit\u00e9 de protection des donn\u00e9es).  <\/p>\n\n<p><strong>9. Coordonn\u00e9es de la personne \u00e0 contacter<\/strong><\/p>\n\n<p>Pour toute question et\/ou commentaire concernant notre politique en mati\u00e8re de cookies et la pr\u00e9sente d\u00e9claration, veuillez nous contacter en utilisant les coordonn\u00e9es suivantes :<\/p>\n\n<p>The COSMO Agency Sarl<br\/>Gen\u00e8ve<br\/>Suisse<br\/>Website <a href=\"https:\/\/hannahmiet.net\/\">:<\/a> https:\/\/thecosmoagency.com<br\/>Email :<a href=\"https:\/\/hannahmiet.net\/\">info@thecosmoagency.com<\/a><\/p>\n\n<p>Cette politique en mati\u00e8re de cookies a \u00e9t\u00e9 synchronis\u00e9e avec <a href=\"https:\/\/cookiedatabase.org\/\">cookiedatabase.org<\/a> le 24 mars 2025.<\/p>\n\n<p><\/p>\n\n<p><\/p>\n","protected":false},"excerpt":{"rendered":"<p>Politique en mati\u00e8re de cookies Cette politique en mati\u00e8re de cookies a \u00e9t\u00e9 mise \u00e0 jour pour la derni\u00e8re fois le 24 mars 2025 et s&rsquo;applique aux citoyens et aux&#8230;<\/p>\n","protected":false},"author":1,"featured_media":0,"parent":0,"menu_order":0,"comment_status":"closed","ping_status":"closed","template":"","meta":{"footnotes":""},"class_list":["post-589","page","type-page","status-publish"],"_links":{"self":[{"href":"https:\/\/thecosmoagency.com\/fr\/wp-json\/wp\/v2\/pages\/589","targetHints":{"allow":["GET"]}}],"collection":[{"href":"https:\/\/thecosmoagency.com\/fr\/wp-json\/wp\/v2\/pages"}],"about":[{"href":"https:\/\/thecosmoagency.com\/fr\/wp-json\/wp\/v2\/types\/page"}],"author":[{"embeddable":true,"href":"https:\/\/thecosmoagency.com\/fr\/wp-json\/wp\/v2\/users\/1"}],"replies":[{"embeddable":true,"href":"https:\/\/thecosmoagency.com\/fr\/wp-json\/wp\/v2\/comments?post=589"}],"version-history":[{"count":1,"href":"https:\/\/thecosmoagency.com\/fr\/wp-json\/wp\/v2\/pages\/589\/revisions"}],"predecessor-version":[{"id":590,"href":"https:\/\/thecosmoagency.com\/fr\/wp-json\/wp\/v2\/pages\/589\/revisions\/590"}],"wp:attachment":[{"href":"https:\/\/thecosmoagency.com\/fr\/wp-json\/wp\/v2\/media?parent=589"}],"curies":[{"name":"wp","href":"https:\/\/api.w.org\/{rel}","templated":true}]}}